{"id":85,"date":"2018-01-15T06:21:34","date_gmt":"2018-01-15T06:21:34","guid":{"rendered":"http:\/\/www.queen-night.de\/?page_id=85"},"modified":"2026-03-17T11:47:21","modified_gmt":"2026-03-17T11:47:21","slug":"impressum-kontakt","status":"publish","type":"page","link":"https:\/\/www.queen-night.de\/?page_id=85","title":{"rendered":"Impressum &#038; Kontakt"},"content":{"rendered":"<div id=\"pl-85\"  class=\"panel-layout\" ><div id=\"pg-85-0\"  class=\"panel-grid panel-has-style\" ><div style=\"padding: 0px 0; \" data-overlay=\"true\" data-overlay-color=\"#000000\" class=\"panel-row-style panel-row-style-for-85-0\" ><div id=\"pgc-85-0-0\"  class=\"panel-grid-cell panel-grid-cell-empty\" ><\/div><div id=\"pgc-85-0-1\"  class=\"panel-grid-cell panel-grid-cell-mobile-last\" ><div id=\"panel-85-0-1-0\" class=\"so-panel widget panel-first-child panel-last-child\" data-index=\"0\" ><div style=\"text-align: left;\" data-title-color=\"#443f3f\" data-headings-color=\"#443f3f\" class=\"panel-widget-style panel-widget-style-for-85-0-1-0\" ><\/div><\/div><\/div><div id=\"pgc-85-0-2\"  class=\"panel-grid-cell panel-grid-cell-empty\" ><\/div><\/div><\/div><div id=\"pg-85-1\"  class=\"panel-grid panel-has-style\" ><div style=\"padding: 0px 0; \" data-overlay=\"true\" data-overlay-color=\"#000000\" class=\"panel-row-style panel-row-style-for-85-1\" ><div id=\"pgc-85-1-0\"  class=\"panel-grid-cell\" ><div id=\"panel-85-1-0-0\" class=\"so-panel widget widget_sow-editor panel-first-child panel-last-child\" data-index=\"1\" ><div style=\"text-align: left;\" data-title-color=\"#443f3f\" data-headings-color=\"#443f3f\" class=\"panel-widget-style panel-widget-style-for-85-1-0-0\" ><div\n\t\t\t\n\t\t\tclass=\"so-widget-sow-editor so-widget-sow-editor-base\"\n\t\t\t\n\t\t>\n<div class=\"siteorigin-widget-tinymce textwidget\">\n\t<p>&nbsp;<\/p>\n<h4>Impressum<\/h4>\n<p><i>\"The QUEEN Night\"<\/i> ist eine Marke von VH-Konzerte, Friedberg.<\/p>\n<p>&nbsp;<\/p>\n<h5>Verantwortlich f\u00fcr den Inhalt:<\/h5>\n<p><strong>VH-Konzerte c\/o Veranstaltungsb\u00fcro Halbauer<\/strong><br \/>\nInhaber: Roland Halbauer<br \/>\nThomas-D\u00f6lle-Str. 4<br \/>\n86316 Friedberg<br \/>\nTel.: +49\u00a0 821\u00a0 78 23 24<br \/>\n<strong>(keine Ticket-Infos, keine Bestellungen!)<\/strong><\/p>\n<p>E-Mail:\u00a0<a href=\"mailto:info@vh-konzerte.de\">info@vh-konzerte.de<\/a><br \/>\nInternet: <a href=\"http:\/\/www.vh-konzerte.de\" target=\"_blank\" rel=\"noopener\">www.vh-konzerte.de<\/a> \/ <a href=\"http:\/\/www.queen-night.de\" target=\"_blank\" rel=\"noopener\">www.queen-night.de<\/a><\/p>\n<p>Vertretungsberechtigt: Roland Halbauer<br \/>\nUst-IdNr.: DE127235310<\/p>\n<p>&nbsp;<\/p>\n<hr \/>\n<p>&nbsp;<\/p>\n<h4>Haftungsausschlusserkl\u00e4rung\/Disclaimer<\/h4>\n<p><strong>1. Haftungsbeschr\u00e4nkung<\/strong><\/p>\n<p>Die Inhalte dieser Website werden mit gr\u00f6\u00dftm\u00f6glicher Sorgfalt erstellt. Das Veranstaltungsb\u00fcro Halbauer\/Roland Halbauer \u00fcbernimmt jedoch keine Gew\u00e4hr f\u00fcr die Richtigkeit, Vollst\u00e4ndigkeit und Aktualit\u00e4t der bereitgestellten Inhalte. Die Nutzung der Inhalte der Website erfolgt auf eigene Gefahr des Nutzers. Namentlich gekennzeichnete Beitr\u00e4ge geben die Meinung des jeweiligen Autors und nicht immer die Meinung des Anbieters wieder. Mit der reinen Nutzung der Website des Anbieters kommt keinerlei Vertragsverh\u00e4ltnis zwischen dem Nutzer und dem Anbieter zustande.<\/p>\n<p><strong>2. Externe Links<\/strong><\/p>\n<p>Diese Website enth\u00e4lt ggf. Verkn\u00fcpfungen zu Websites Dritter (\u201cexterne Links\u201d). Diese Websites unterliegen der Haftung der jeweiligen Betreiber. Das Veranstaltungsb\u00fcro Halbauer\/Roland Halbauer hat bei der erstmaligen Verkn\u00fcpfung der externen Links die fremden Inhalte daraufhin \u00fcberpr\u00fcft, ob etwaige Rechtsverst\u00f6\u00dfe bestehen. Zu dem Zeitpunkt waren keine Rechtsverst\u00f6\u00dfe ersichtlich. Das Veranstaltungsb\u00fcro Halbauer\/Roland Halbauer hat keinerlei Einfluss auf die aktuelle und zuk\u00fcnftige Gestaltung und auf die Inhalte der verkn\u00fcpften Seiten. Das Setzen von externen Links bedeutet nicht, dass sich Das Veranstaltungsb\u00fcro Halbauer\/Roland Halbauer die hinter dem Verweis oder Link liegenden Inhalte zu Eigen macht. Eine st\u00e4ndige Kontrolle der externen Links ist f\u00fcr das Veranstaltungsb\u00fcro Halbauer\/Roland Halbauer ohne konkrete Hinweise auf Rechtsverst\u00f6\u00dfe nicht zumutbar. Bei Kenntnis von Rechtsverst\u00f6\u00dfen werden jedoch derartige externe Links unverz\u00fcglich gel\u00f6scht.<\/p>\n<p><strong>3. Urheber- und Leistungsschutzrechte<\/strong><\/p>\n<p>Die auf dieser Website ver\u00f6ffentlichten Inhalte unterliegen dem deutschen Urheber- und Leistungsschutzrecht. Jede vom deutschen Urheber- und Leistungsschutzrecht nicht zugelassene Verwertung bedarf der vorherigen schriftlichen Zustimmung durch das Veranstaltungsb\u00fcro Halbauer\/Roland Halbauer oder des jeweiligen Rechteinhabers. Dies gilt insbesondere f\u00fcr Vervielf\u00e4ltigung, Bearbeitung, \u00dcbersetzung, Einspeicherung, Verarbeitung bzw. Wiedergabe von Inhalten in Datenbanken oder anderen elektronischen Medien und Systemen. Inhalte und Rechte Dritter sind dabei als solche gekennzeichnet. Die unerlaubte Vervielf\u00e4ltigung oder Weitergabe einzelner Inhalte oder kompletter Seiten ist nicht gestattet und strafbar. Lediglich die Herstellung von Kopien und Downloads f\u00fcr den pers\u00f6nlichen, privaten und nicht kommerziellen Gebrauch ist erlaubt. Die Darstellung dieser Website in fremden Frames ist nur mit schriftlicher Erlaubnis zul\u00e4ssig.<\/p>\n<p><strong>4. Datenschutz<\/strong><\/p>\n<p>Alle Informationen zum Datenschutz auf dieser Website entnehmen Sie bitte unserer\u00a0<a href=\"http:\/\/www.queen-night.de\/?page_id=324\">Datenschutzerkl\u00e4rung<\/a>.<\/p>\n<p><strong>5. Besondere Nutzungsbedingungen<\/strong><\/p>\n<p>Soweit besondere Bedingungen f\u00fcr einzelne Nutzungen dieser Website von den vorgenannten Nummern 1. bis 5. abweichen, wird an entsprechender Stelle ausdr\u00fccklich darauf hingewiesen. In diesem Falle gelten im jeweiligen Einzelfall die besonderen Nutzungsbedingungen.<\/p>\n<p><strong>Quelle: \u00a0<a href=\"http:\/\/www.juraforum.de\/\" target=\"_blank\" rel=\"noopener\">Juraforum.de \u2013 Disclaimer, Gesetze, Urteile, Rechtslexikon, Rechtsanw\u00e4lte &amp; Sachverst\u00e4ndige<\/a><\/strong><\/p>\n<\/div>\n<\/div><\/div><\/div><\/div><\/div><\/div><\/div>","protected":false},"excerpt":{"rendered":"<p>&nbsp; Impressum &#8222;The QUEEN Night&#8220; ist eine Marke von VH-Konzerte, Friedberg. &nbsp; Verantwortlich f\u00fcr den Inhalt: VH-Konzerte c\/o Veranstaltungsb\u00fcro Halbauer Inhaber: Roland [&hellip;]<\/p>\n","protected":false},"author":1,"featured_media":0,"parent":0,"menu_order":120,"comment_status":"closed","ping_status":"closed","template":"page-templates\/page_fullwidth.php","meta":{"footnotes":""},"class_list":["post-85","page","type-page","status-publish","hentry"],"_links":{"self":[{"href":"https:\/\/www.queen-night.de\/index.php?rest_route=\/wp\/v2\/pages\/85","targetHints":{"allow":["GET"]}}],"collection":[{"href":"https:\/\/www.queen-night.de\/index.php?rest_route=\/wp\/v2\/pages"}],"about":[{"href":"https:\/\/www.queen-night.de\/index.php?rest_route=\/wp\/v2\/types\/page"}],"author":[{"embeddable":true,"href":"https:\/\/www.queen-night.de\/index.php?rest_route=\/wp\/v2\/users\/1"}],"replies":[{"embeddable":true,"href":"https:\/\/www.queen-night.de\/index.php?rest_route=%2Fwp%2Fv2%2Fcomments&post=85"}],"version-history":[{"count":34,"href":"https:\/\/www.queen-night.de\/index.php?rest_route=\/wp\/v2\/pages\/85\/revisions"}],"predecessor-version":[{"id":684,"href":"https:\/\/www.queen-night.de\/index.php?rest_route=\/wp\/v2\/pages\/85\/revisions\/684"}],"wp:attachment":[{"href":"https:\/\/www.queen-night.de\/index.php?rest_route=%2Fwp%2Fv2%2Fmedia&parent=85"}],"curies":[{"name":"wp","href":"https:\/\/api.w.org\/{rel}","templated":true}]}}