{"id":83,"date":"2018-01-15T06:21:15","date_gmt":"2018-01-15T06:21:15","guid":{"rendered":"http:\/\/www.queen-night.de\/?page_id=83"},"modified":"2023-08-25T19:41:40","modified_gmt":"2023-08-25T19:41:40","slug":"feedback","status":"publish","type":"page","link":"https:\/\/www.queen-night.de\/?page_id=83","title":{"rendered":"Feedback"},"content":{"rendered":"<div id=\"pl-83\"  class=\"panel-layout\" ><div id=\"pg-83-0\"  class=\"panel-grid panel-has-style\" ><div style=\"padding: 0px 0; \" data-overlay=\"true\" data-overlay-color=\"#000000\" class=\"panel-row-style panel-row-style-for-83-0\" ><div id=\"pgc-83-0-0\"  class=\"panel-grid-cell panel-grid-cell-empty\" ><\/div><div id=\"pgc-83-0-1\"  class=\"panel-grid-cell panel-grid-cell-mobile-last\" ><div id=\"panel-83-0-1-0\" class=\"so-panel widget panel-first-child panel-last-child\" data-index=\"0\" ><div style=\"text-align: left;\" data-title-color=\"#443f3f\" data-headings-color=\"#443f3f\" class=\"panel-widget-style panel-widget-style-for-83-0-1-0\" ><\/div><\/div><\/div><div id=\"pgc-83-0-2\"  class=\"panel-grid-cell panel-grid-cell-empty\" ><\/div><\/div><\/div><div id=\"pg-83-1\"  class=\"panel-grid panel-has-style\" ><div style=\"padding: 0px 0; \" data-overlay=\"true\" data-overlay-color=\"#000000\" class=\"panel-row-style panel-row-style-for-83-1\" ><div id=\"pgc-83-1-0\"  class=\"panel-grid-cell\" ><div id=\"panel-83-1-0-0\" class=\"so-panel widget widget_sow-editor panel-first-child panel-last-child\" data-index=\"1\" ><div style=\"text-align: left;\" data-title-color=\"#443f3f\" data-headings-color=\"#443f3f\" class=\"panel-widget-style panel-widget-style-for-83-1-0-0\" ><div\n\t\t\t\n\t\t\tclass=\"so-widget-sow-editor so-widget-sow-editor-base\"\n\t\t\t\n\t\t>\n<div class=\"siteorigin-widget-tinymce textwidget\">\n\t<h2>Presse-Stimmen zu The QUEEN Night<\/h2>\n<blockquote>\n<p>'Nah dran am Original ... Queen Night S\u00e4nger Harry Rose tut viel, um seinem Idol Freddie Mercury zu \u00e4hneln ... Er klingt rund, voll t\u00f6nend und in der F\u00e4rbung Mercury sehr \u00e4hnlich.' \u2013 Allg\u00e4uer Zeitung<\/p>\n<\/blockquote>\n<blockquote>\n<p>'Die spektakul\u00e4re Performance im bombastischen Queen-Sound, mit originalgetreuen Outfits, Requisiten und B\u00fchnenaufbauten, setzte dem legend\u00e4ren Freddie Mercury ein Denkmal' \u2013 S\u00fcdwest Presse<\/p>\n<\/blockquote>\n<blockquote>\n<p>'\u201eQueen Night\u201c begeistert im ausverkauften Amphitheater ... Allen voran S\u00e4nger Harry Rose, der unter den vielen, die sich an Freddie Mercury versuchen, wohl zu den herausragendsten Interpreten geh\u00f6rt. Allein schon seine \u00e4u\u00dferliche \u00c4hnlichkeit mit seinem musikalischen Vorbild ist frappierend.' \u2013 Offenbacher Post<\/p>\n<\/blockquote>\n<blockquote>\n<p>'Jeder Schritt auf der B\u00fchne war t\u00e4uschend echt und nah am Original. Auch die Bandmitglieder waren von ihren Vorbildern kaum zu unterscheiden' \u2013 Schw\u00e4bische Zeitung<\/p>\n<\/blockquote>\n<hr \/>\n<h2>Besucher-Stimmen zu The QUEEN Night<\/h2>\n<blockquote>\n<p>'Der S\u00e4nger war sensationell. Freddie Mercury lebt wieder!'<\/p>\n<\/blockquote>\n<blockquote>\n<p>'Alles bestens, G\u00e4nsehautgef\u00fchle!'<\/p>\n<\/blockquote>\n<blockquote>\n<p>'Das war ein fantastischer Abend.....gro\u00dfartige Show ....Danke'<\/p>\n<\/blockquote>\n<blockquote>\n<p>'Es war absolut genial! Einfach Klasse! Wiederholung erw\u00fcnscht!!!'<\/p>\n<\/blockquote>\n<blockquote>\n<p>'Es war sensationell!'<\/p>\n<\/blockquote>\n<\/div>\n<\/div><\/div><\/div><\/div><\/div><\/div><\/div>","protected":false},"excerpt":{"rendered":"<p>Presse-Stimmen zu The QUEEN Night &#8218;Nah dran am Original &#8230; Queen Night S\u00e4nger Harry Rose tut viel, um seinem Idol Freddie Mercury [&hellip;]<\/p>\n","protected":false},"author":1,"featured_media":0,"parent":0,"menu_order":100,"comment_status":"closed","ping_status":"closed","template":"page-templates\/page_fullwidth.php","meta":{"footnotes":""},"class_list":["post-83","page","type-page","status-publish","hentry"],"_links":{"self":[{"href":"https:\/\/www.queen-night.de\/index.php?rest_route=\/wp\/v2\/pages\/83","targetHints":{"allow":["GET"]}}],"collection":[{"href":"https:\/\/www.queen-night.de\/index.php?rest_route=\/wp\/v2\/pages"}],"about":[{"href":"https:\/\/www.queen-night.de\/index.php?rest_route=\/wp\/v2\/types\/page"}],"author":[{"embeddable":true,"href":"https:\/\/www.queen-night.de\/index.php?rest_route=\/wp\/v2\/users\/1"}],"replies":[{"embeddable":true,"href":"https:\/\/www.queen-night.de\/index.php?rest_route=%2Fwp%2Fv2%2Fcomments&post=83"}],"version-history":[{"count":27,"href":"https:\/\/www.queen-night.de\/index.php?rest_route=\/wp\/v2\/pages\/83\/revisions"}],"predecessor-version":[{"id":641,"href":"https:\/\/www.queen-night.de\/index.php?rest_route=\/wp\/v2\/pages\/83\/revisions\/641"}],"wp:attachment":[{"href":"https:\/\/www.queen-night.de\/index.php?rest_route=%2Fwp%2Fv2%2Fmedia&parent=83"}],"curies":[{"name":"wp","href":"https:\/\/api.w.org\/{rel}","templated":true}]}}